{"id":17461,"date":"2024-07-08T07:48:03","date_gmt":"2024-07-08T13:48:03","guid":{"rendered":"https:\/\/wiretechmx.com\/?page_id=17461"},"modified":"2024-07-08T07:55:58","modified_gmt":"2024-07-08T13:55:58","slug":"cimyt","status":"publish","type":"page","link":"https:\/\/wiretechmx.com\/en\/cimyt\/","title":{"rendered":"CIMyT"},"content":{"rendered":"<div data-elementor-type=\"wp-page\" data-elementor-id=\"17461\" class=\"elementor elementor-17461\" data-elementor-settings=\"{&quot;element_pack_global_tooltip_width&quot;:{&quot;unit&quot;:&quot;px&quot;,&quot;size&quot;:&quot;&quot;,&quot;sizes&quot;:[]},&quot;element_pack_global_tooltip_width_tablet&quot;:{&quot;unit&quot;:&quot;px&quot;,&quot;size&quot;:&quot;&quot;,&quot;sizes&quot;:[]},&quot;element_pack_global_tooltip_width_mobile&quot;:{&quot;unit&quot;:&quot;px&quot;,&quot;size&quot;:&quot;&quot;,&quot;sizes&quot;:[]},&quot;element_pack_global_tooltip_padding&quot;:{&quot;unit&quot;:&quot;px&quot;,&quot;top&quot;:&quot;&quot;,&quot;right&quot;:&quot;&quot;,&quot;bottom&quot;:&quot;&quot;,&quot;left&quot;:&quot;&quot;,&quot;isLinked&quot;:true},&quot;element_pack_global_tooltip_padding_tablet&quot;:{&quot;unit&quot;:&quot;px&quot;,&quot;top&quot;:&quot;&quot;,&quot;right&quot;:&quot;&quot;,&quot;bottom&quot;:&quot;&quot;,&quot;left&quot;:&quot;&quot;,&quot;isLinked&quot;:true},&quot;element_pack_global_tooltip_padding_mobile&quot;:{&quot;unit&quot;:&quot;px&quot;,&quot;top&quot;:&quot;&quot;,&quot;right&quot;:&quot;&quot;,&quot;bottom&quot;:&quot;&quot;,&quot;left&quot;:&quot;&quot;,&quot;isLinked&quot;:true},&quot;element_pack_global_tooltip_border_radius&quot;:{&quot;unit&quot;:&quot;px&quot;,&quot;top&quot;:&quot;&quot;,&quot;right&quot;:&quot;&quot;,&quot;bottom&quot;:&quot;&quot;,&quot;left&quot;:&quot;&quot;,&quot;isLinked&quot;:true},&quot;element_pack_global_tooltip_border_radius_tablet&quot;:{&quot;unit&quot;:&quot;px&quot;,&quot;top&quot;:&quot;&quot;,&quot;right&quot;:&quot;&quot;,&quot;bottom&quot;:&quot;&quot;,&quot;left&quot;:&quot;&quot;,&quot;isLinked&quot;:true},&quot;element_pack_global_tooltip_border_radius_mobile&quot;:{&quot;unit&quot;:&quot;px&quot;,&quot;top&quot;:&quot;&quot;,&quot;right&quot;:&quot;&quot;,&quot;bottom&quot;:&quot;&quot;,&quot;left&quot;:&quot;&quot;,&quot;isLinked&quot;:true}}\">\n\t\t\t\t\t\t<section class=\"elementor-section elementor-top-section elementor-element elementor-element-c5e53f1 elementor-section-height-min-height elementor-section-boxed elementor-section-height-default elementor-section-items-middle\" data-id=\"c5e53f1\" data-element_type=\"section\" data-settings=\"{&quot;background_background&quot;:&quot;classic&quot;}\">\n\t\t\t\t\t\t\t<div class=\"elementor-background-overlay\"><\/div>\n\t\t\t\t\t\t\t<div class=\"elementor-container elementor-column-gap-default\">\n\t\t\t\t\t<div class=\"elementor-column elementor-col-100 elementor-top-column elementor-element elementor-element-df0897c\" data-id=\"df0897c\" data-element_type=\"column\">\n\t\t\t<div class=\"elementor-widget-wrap elementor-element-populated\">\n\t\t\t\t\t\t<div class=\"elementor-element elementor-element-91cdaf7 elementor-widget elementor-widget-heading\" data-id=\"91cdaf7\" data-element_type=\"widget\" data-widget_type=\"heading.default\">\n\t\t\t\t<div class=\"elementor-widget-container\">\n\t\t\t\t\t<h2 class=\"elementor-heading-title elementor-size-default\">CIMyT<\/h2>\t\t\t\t<\/div>\n\t\t\t\t<\/div>\n\t\t\t\t<div class=\"elementor-element elementor-element-d1eec77 elementor-widget elementor-widget-image\" data-id=\"d1eec77\" data-element_type=\"widget\" data-widget_type=\"image.default\">\n\t\t\t\t<div class=\"elementor-widget-container\">\n\t\t\t\t\t\t\t\t\t\t\t\t\t\t\t<img decoding=\"async\" width=\"386\" height=\"4\" src=\"https:\/\/wiretechmx.com\/wp-content\/uploads\/2022\/02\/separador.png\" class=\"attachment-large size-large wp-image-13668\" alt=\"\" srcset=\"https:\/\/wiretechmx.com\/wp-content\/uploads\/2022\/02\/separador.png 386w, https:\/\/wiretechmx.com\/wp-content\/uploads\/2022\/02\/separador-300x3.png 300w\" sizes=\"(max-width: 386px) 100vw, 386px\" \/>\t\t\t\t\t\t\t\t\t\t\t\t\t\t\t<\/div>\n\t\t\t\t<\/div>\n\t\t\t\t\t<\/div>\n\t\t<\/div>\n\t\t\t\t\t<\/div>\n\t\t<\/section>\n\t\t\t\t<section class=\"elementor-section elementor-top-section elementor-element elementor-element-7a2c63c elementor-section-boxed elementor-section-height-default elementor-section-height-default\" data-id=\"7a2c63c\" data-element_type=\"section\">\n\t\t\t\t\t\t<div class=\"elementor-container elementor-column-gap-default\">\n\t\t\t\t\t<div class=\"elementor-column elementor-col-100 elementor-top-column elementor-element elementor-element-3f2e545\" data-id=\"3f2e545\" data-element_type=\"column\">\n\t\t\t<div class=\"elementor-widget-wrap elementor-element-populated\">\n\t\t\t\t\t\t<div class=\"elementor-element elementor-element-20b9068 elementor-widget elementor-widget-text-editor\" data-id=\"20b9068\" data-element_type=\"widget\" data-widget_type=\"text-editor.default\">\n\t\t\t\t<div class=\"elementor-widget-container\">\n\t\t\t\t\t\t\t\t\t<p>Lorem ipsum dolor sit amet, consectetur adipiscing elit. Ut elit tellus, luctus nec ullamcorper mattis, pulvinar dapibus leo.<\/p>\t\t\t\t\t\t\t\t<\/div>\n\t\t\t\t<\/div>\n\t\t\t\t\t<\/div>\n\t\t<\/div>\n\t\t\t\t\t<\/div>\n\t\t<\/section>\n\t\t\t\t<section class=\"elementor-section elementor-top-section elementor-element elementor-element-595ad80 elementor-section-boxed elementor-section-height-default elementor-section-height-default\" data-id=\"595ad80\" data-element_type=\"section\">\n\t\t\t\t\t\t<div class=\"elementor-container elementor-column-gap-default\">\n\t\t\t\t\t<div class=\"elementor-column elementor-col-100 elementor-top-column elementor-element elementor-element-a16fc76\" data-id=\"a16fc76\" data-element_type=\"column\">\n\t\t\t<div class=\"elementor-widget-wrap elementor-element-populated\">\n\t\t\t\t\t\t<div class=\"elementor-element elementor-element-2988ea9 elementor-widget elementor-widget-text-editor\" data-id=\"2988ea9\" data-element_type=\"widget\" data-widget_type=\"text-editor.default\">\n\t\t\t\t<div class=\"elementor-widget-container\">\n\t\t\t\t\t\t\t\t\t<table width=\"1119\"><tbody><tr><td width=\"1025\">NOMBRE DEL CURSO<\/td><td width=\"94\">Horas totales<\/td><\/tr><tr><td style=\"text-align: center;\"><span style=\"color: #000000;\">DISE\u00d1O MOLDES INYECCI\u00d3N<\/span><\/td><td>\u00a0<\/td><\/tr><tr><td>\u00a0<\/td><td>\u00a0<\/td><\/tr><tr><td>Curso: Introducci\u00f3n a los moldes para inyecci\u00f3n \u2013 12 horas; incluidas 2 horas de evaluaci\u00f3n \u2013 Complejidad nivel 1.<\/td><td style=\"text-align: center;\">12<\/td><\/tr><tr><td>Curso: Dise\u00f1o conceptual de moldes para inyecci\u00f3n \u2013 12 horas; incluidas 2 horas de evaluaci\u00f3n \u2013 Complejidad nivel 3.<\/td><td style=\"text-align: center;\">12<\/td><\/tr><tr><td>Curso: Dise\u00f1o b\u00e1sico de moldes para inyecci\u00f3n: CAD\/CAE etapa 1 Evaluaci\u00f3n de Geometr\u00eda \u2013 24 horas; incluidas 2 horas de evaluaci\u00f3n \u2013 Complejidad nivel 6.<\/td><td style=\"text-align: center;\">24<\/td><\/tr><tr><td>Curso: Dise\u00f1o b\u00e1sico de moldes para inyecci\u00f3n: CAD\/CAE etapa 2 GATE, RUNNER y SPRUE BUSHING \u2013 22 horas; incluidas 2 horas de evaluaci\u00f3n \u2013 Complejidad nivel 6.<\/td><td style=\"text-align: center;\">22<\/td><\/tr><tr><td>Curso: Dise\u00f1o b\u00e1sico de moldes para inyecci\u00f3n: CAD\/CAE etapa 3 Molde Base \u2013 22 horas; incluidas 2 horas de evaluaci\u00f3n \u2013 Complejidad nivel 5.<\/td><td style=\"text-align: center;\">22<\/td><\/tr><tr><td>Curso: Dise\u00f1o b\u00e1sico de moldes para inyecci\u00f3n: CAD\/CAE etapa 4 Transferencia de Calor \u2013 26 horas; incluidas 2 horas de evaluaci\u00f3n \u2013 Complejidad nivel 6.<\/td><td style=\"text-align: center;\">26<\/td><\/tr><tr><td>Curso: Dise\u00f1o b\u00e1sico de moldes para inyecci\u00f3n: Selecci\u00f3n de Componentes Est\u00e1ndar \u2013 12 horas; incluidas 2 horas de evaluaci\u00f3n \u2013 Complejidad nivel 4.<\/td><td style=\"text-align: center;\">12<\/td><\/tr><tr><td>Curso: Introducci\u00f3n a los Sistemas de Colada Caliente \u2013 12 horas; incluidas 2 horas de evaluaci\u00f3n \u2013 Complejidad nivel 3.<\/td><td style=\"text-align: center;\">12<\/td><\/tr><tr><td>Curso: Dise\u00f1o de Electrodos para Erosionado \u2013 24 horas; incluidas 4 horas de evaluaci\u00f3n \u2013 Complejidad nivel 5.<\/td><td style=\"text-align: center;\">24<\/td><\/tr><tr><td>GD&amp;T<\/td><td style=\"text-align: center;\">\u00a0<\/td><\/tr><tr><td>Curso: An\u00e1lisis de la Norma ISO 286 \u2013 20 horas; incluidas 2 horas de evaluaci\u00f3n \u2013 Complejidad nivel 4.<\/td><td style=\"text-align: center;\">20<\/td><\/tr><tr><td>Curso: An\u00e1lisis de la Norma ASME Y14.5 &#8211; 2009 \u2013 18 horas; incluidas 2 horas de evaluaci\u00f3n \u2013 Complejidad nivel 4.<\/td><td style=\"text-align: center;\">18<\/td><\/tr><tr><td>Curso: Desarrollo de Planos de Manufactura \u2013 22 horas; incluidas 2 horas de evaluaci\u00f3n \u2013 Complejidad nivel 5.<\/td><td style=\"text-align: center;\">22<\/td><\/tr><tr><td style=\"text-align: center;\"><span style=\"color: #000000;\">MECANIZADO CNC<\/span><\/td><td style=\"text-align: center;\">\u00a0<\/td><\/tr><tr><td>Curso: Lectura e Interpretaci\u00f3n de Planos \u2013 8 horas; incluidas 2 horas de evaluaci\u00f3n \u2013 Complejidad nivel 2.<\/td><td style=\"text-align: center;\">8<\/td><\/tr><tr><td>Curso: Interpretaci\u00f3n de la Norma ISO 286 \u2013 10 horas; incluidas 2 horas de evaluaci\u00f3n \u2013 Complejidad nivel 2.<\/td><td style=\"text-align: center;\">10<\/td><\/tr><tr><td>Curso: Metrolog\u00eda en procesos de mecanizado \u2013 6 horas teor\u00eda, 6 horas pr\u00e1ctica; incluidas 2 horas de evaluaci\u00f3n \u2013 Complejidad nivel 3.<\/td><td style=\"text-align: center;\">12<\/td><\/tr><tr><td>Curso: Responsabilidades del SET UP \u2013 4 horas teor\u00eda, 8 horas pr\u00e1ctica; incluidas 2 horas de evaluaci\u00f3n \u2013 Complejidad nivel 3.<\/td><td style=\"text-align: center;\">12<\/td><\/tr><tr><td>Curso: CPCMB par\u00e1metros de corte \u2013 12 horas; incluidas 2 horas de evaluaci\u00f3n \u2013 Complejidad nivel 4.<\/td><td style=\"text-align: center;\">12<\/td><\/tr><tr><td>Curso: CPCA par\u00e1metros de corte \u2013 12 horas; incluidas 2 horas de evaluaci\u00f3n \u2013 Complejidad nivel 4.<\/td><td style=\"text-align: center;\">12<\/td><\/tr><tr><td>Curso: Programaci\u00f3n CAM VMC Nivel 1 Geometr\u00edas 2D \u2013 24 horas teor\u00eda, 20 horas pr\u00e1ctica; incluidas 4 horas de evaluaci\u00f3n \u2013 Complejidad nivel 3.<\/td><td style=\"text-align: center;\">44<\/td><\/tr><tr><td>Curso: Programaci\u00f3n CAM VMC Nivel 2 Geometr\u00edas 3D \u2013 24 horas teor\u00eda, 20 horas pr\u00e1ctica; incluidas 4 horas de evaluaci\u00f3n \u2013 Complejidad nivel 3.<\/td><td style=\"text-align: center;\">44<\/td><\/tr><tr><td style=\"text-align: center;\"><span style=\"color: #000000;\">OPERACI\u00d3N DE EQUIPOS CNC<\/span><\/td><td>\u00a0<\/td><\/tr><tr><td>Curso: MAKINO EDAF3 N1 &#8211; SET UP y programaci\u00f3n a pie de m\u00e1quina \u2013 24 horas; incluidas 4 horas de evaluaci\u00f3n \u2013 Complejidad nivel 3.<\/td><td style=\"text-align: center;\">24<\/td><\/tr><tr><td>Curso: MAKINO EDAF3 N2 &#8211; Programaci\u00f3n en software integrado \u2013 24 horas; incluidas 4 horas de evaluaci\u00f3n \u2013 Complejidad nivel 3.<\/td><td style=\"text-align: center;\">24<\/td><\/tr><tr><td>Curso: MAKINO U6 N1 &#8211; Mantenimiento, SET UP y programaci\u00f3n a pie de m\u00e1quina \u2013 24 horas; incluidas 4 horas de evaluaci\u00f3n \u2013 Complejidad nivel 3.<\/td><td style=\"text-align: center;\">24<\/td><\/tr><tr><td>Curso: MAKINO U6 N2 &#8211; Programaci\u00f3n de trayectorias \u2013 24 horas; incluidas 4 horas de evaluaci\u00f3n \u2013 Complejidad nivel 3.<\/td><td style=\"text-align: center;\">24<\/td><\/tr><tr><td>Curso: MAKINO F5 &#8211; SET UP y programaci\u00f3n a pie de m\u00e1quina \u2013 24 horas; incluidas 4 horas de evaluaci\u00f3n \u2013 Complejidad nivel 3.<\/td><td style=\"text-align: center;\">24<\/td><\/tr><tr><td style=\"text-align: center;\"><span style=\"color: #000000;\">CERTIFICACI\u00d3N EC0285<\/span><\/td><td>\u00a0<\/td><\/tr><tr><td>Alineaci\u00f3n y Evaluaci\u00f3n: EC0285 Maquinado de piezas por control num\u00e9rico \u2013 16 horas de curso; 2 horas de evaluaci\u00f3n \u2013 Complejidad nivel 3.<\/td><td style=\"text-align: center;\">18<\/td><\/tr><tr><td>Certificaci\u00f3n EC0285 Maquinado de piezas por control num\u00e9rico.<\/td><td>\u00a0<\/td><\/tr><\/tbody><\/table>\t\t\t\t\t\t\t\t<\/div>\n\t\t\t\t<\/div>\n\t\t\t\t\t<\/div>\n\t\t<\/div>\n\t\t\t\t\t<\/div>\n\t\t<\/section>\n\t\t\t\t<section class=\"elementor-section elementor-top-section elementor-element elementor-element-1c69eb5 elementor-section-boxed elementor-section-height-default elementor-section-height-default\" data-id=\"1c69eb5\" data-element_type=\"section\">\n\t\t\t\t\t\t<div class=\"elementor-container elementor-column-gap-default\">\n\t\t\t\t\t<div class=\"elementor-column elementor-col-100 elementor-top-column elementor-element elementor-element-e0182ca\" data-id=\"e0182ca\" data-element_type=\"column\">\n\t\t\t<div class=\"elementor-widget-wrap\">\n\t\t\t\t\t\t\t<\/div>\n\t\t<\/div>\n\t\t\t\t\t<\/div>\n\t\t<\/section>\n\t\t\t\t<\/div>","protected":false},"excerpt":{"rendered":"<p>CIMyT Lorem ipsum dolor sit amet, consectetur adipiscing elit. Ut elit tellus, luctus nec ullamcorper mattis, pulvinar dapibus leo. NOMBRE DEL CURSO Horas totales DISE\u00d1O MOLDES INYECCI\u00d3N \u00a0 \u00a0 \u00a0 Curso: Introducci\u00f3n a los moldes para inyecci\u00f3n \u2013 12 horas;&#8230;<\/p>","protected":false},"author":1,"featured_media":0,"parent":0,"menu_order":0,"comment_status":"closed","ping_status":"closed","template":"","meta":{"_monsterinsights_skip_tracking":false,"_monsterinsights_sitenote_active":false,"_monsterinsights_sitenote_note":"","_monsterinsights_sitenote_category":0,"footnotes":""},"class_list":["post-17461","page","type-page","status-publish","hentry"],"aioseo_notices":[],"_links":{"self":[{"href":"https:\/\/wiretechmx.com\/en\/wp-json\/wp\/v2\/pages\/17461","targetHints":{"allow":["GET"]}}],"collection":[{"href":"https:\/\/wiretechmx.com\/en\/wp-json\/wp\/v2\/pages"}],"about":[{"href":"https:\/\/wiretechmx.com\/en\/wp-json\/wp\/v2\/types\/page"}],"author":[{"embeddable":true,"href":"https:\/\/wiretechmx.com\/en\/wp-json\/wp\/v2\/users\/1"}],"replies":[{"embeddable":true,"href":"https:\/\/wiretechmx.com\/en\/wp-json\/wp\/v2\/comments?post=17461"}],"version-history":[{"count":0,"href":"https:\/\/wiretechmx.com\/en\/wp-json\/wp\/v2\/pages\/17461\/revisions"}],"wp:attachment":[{"href":"https:\/\/wiretechmx.com\/en\/wp-json\/wp\/v2\/media?parent=17461"}],"curies":[{"name":"wp","href":"https:\/\/api.w.org\/{rel}","templated":true}]}}